{"id":42,"date":"2022-11-19T17:00:06","date_gmt":"2022-11-19T14:00:06","guid":{"rendered":"https:\/\/www.gsfh.com.tr\/?post_type=product&#038;p=42"},"modified":"2024-10-15T13:37:07","modified_gmt":"2024-10-15T10:37:07","slug":"hpe-proliant-dl380-gen10","status":"publish","type":"product","link":"https:\/\/www.gsfh.com.tr\/en\/product\/hpe-proliant-dl380-gen10\/","title":{"rendered":"HPE ProLiant DL380 Gen10"},"content":{"rendered":"<table border=\"0\" width=\"804\" cellspacing=\"0\" cellpadding=\"0\">\n<colgroup>\n<col width=\"217\" \/>\n<col width=\"587\" \/><\/colgroup>\n<tbody>\n<tr>\n<td class=\"xl67\" dir=\"LTR\" colspan=\"2\" width=\"804\" height=\"20\">HPE SRV P50751-B21 ProLiant DL380 Gen10 4210R 2.4GHz 10-core 1P 32GB-R P408i-a 8SFF 800W PS Server<\/td>\n<\/tr>\n<tr>\n<td class=\"xl63\" dir=\"LTR\" width=\"217\" height=\"20\">\u00dcr\u00fcn Kodu<\/td>\n<td class=\"xl64\" dir=\"LTR\" width=\"587\">P50751-B21<\/td>\n<\/tr>\n<tr>\n<td class=\"xl65\" dir=\"LTR\" width=\"217\" height=\"20\">\u0130\u015flemci Modeli<\/td>\n<td class=\"xl66\" dir=\"LTR\" width=\"587\">1 x Intel Xeon Silver 4210R \/ (2.4GHz\/10-core)<\/td>\n<\/tr>\n<tr>\n<td class=\"xl63\" dir=\"LTR\" width=\"217\" height=\"20\">\u0130\u015flemci Say\u0131s\u0131<\/td>\n<td class=\"xl64\" dir=\"LTR\" width=\"587\">1 Adet<\/td>\n<\/tr>\n<tr>\n<td class=\"xl65\" dir=\"LTR\" width=\"217\" height=\"20\">Maksimum \u0130\u015flemci Deste\u011fi<\/td>\n<td class=\"xl66\" dir=\"LTR\" width=\"587\">2 Adet<\/td>\n<\/tr>\n<tr>\n<td class=\"xl63\" dir=\"LTR\" width=\"217\" height=\"20\">Chipset<\/td>\n<td class=\"xl64\" dir=\"LTR\" width=\"587\">Intel\u00ae C621 Serisi<\/td>\n<\/tr>\n<tr>\n<td class=\"xl65\" dir=\"LTR\" width=\"217\" height=\"20\">Bellek &#8211; RAM<\/td>\n<td class=\"xl66\" dir=\"LTR\" width=\"587\">32 GB HPE DDR4 ECC SmartMemory<\/td>\n<\/tr>\n<tr>\n<td class=\"xl63\" dir=\"LTR\" width=\"217\" height=\"20\">Bellek Yuvas\u0131<\/td>\n<td class=\"xl64\" dir=\"LTR\" width=\"587\">24 slot (\u0130\u015flemci ba\u015f\u0131na 12 slot)<\/td>\n<\/tr>\n<tr>\n<td class=\"xl65\" dir=\"LTR\" width=\"217\" height=\"37\">Maksimum Bellek Deste\u011fi\u00a0 (RDIMM)<\/td>\n<td class=\"xl66\" dir=\"LTR\" width=\"587\">3 TB<\/td>\n<\/tr>\n<tr>\n<td class=\"xl63\" dir=\"LTR\" width=\"217\" height=\"20\">Sabit Disk<\/td>\n<td class=\"xl64\" dir=\"LTR\" width=\"587\">&#8211;<\/td>\n<\/tr>\n<tr>\n<td class=\"xl65\" dir=\"LTR\" width=\"217\" height=\"20\">Sabit Disk Kapasitesi<\/td>\n<td class=\"xl66\" dir=\"LTR\" width=\"587\">8 x SFF SAS\/SATA Hot Plug\u00a0Drive 2.5&#8243; ( Geni\u015fleyebilir )<\/td>\n<\/tr>\n<tr>\n<td class=\"xl63\" dir=\"LTR\" width=\"217\" height=\"20\">Disk Yuvas\u0131<\/td>\n<td class=\"xl64\" dir=\"LTR\" width=\"587\">Hot-swap 2.5&#8243;<\/td>\n<\/tr>\n<tr>\n<td class=\"xl65\" dir=\"LTR\" width=\"217\" height=\"20\">Optik S\u00fcr\u00fcc\u00fc<\/td>\n<td class=\"xl66\" dir=\"LTR\" width=\"587\">Yok<\/td>\n<\/tr>\n<tr>\n<td class=\"xl63\" dir=\"LTR\" width=\"217\" height=\"37\">Storage Controller<\/td>\n<td class=\"xl64\" dir=\"LTR\" width=\"587\">1 x HPE Smart Array P408i-a (2 GB FBWC \/ RAID 0\/1\/10\/5\/50\/6\/60) SR Gen10 2-ports SAS Controller Module\u00a01x96W Smart Storage battery<\/td>\n<\/tr>\n<tr>\n<td class=\"xl65\" dir=\"LTR\" width=\"217\" height=\"37\">Uzaktan Y\u00f6netim \u00f6zelli\u011fi<\/td>\n<td class=\"xl66\" dir=\"LTR\" width=\"587\">(Opsiyonel )Integrated Lights-Out 5 (iLO 5) management processor (No Licence) \/ No OneView or Insight Control \/<\/td>\n<\/tr>\n<tr>\n<td class=\"xl63\" dir=\"LTR\" width=\"217\" height=\"20\">Ekran Kart\u0131<\/td>\n<td class=\"xl64\" dir=\"LTR\" width=\"587\">Onboard 1920 X 1200@60Hz 16mb video memory Matrox G200eh<\/td>\n<\/tr>\n<tr>\n<td class=\"xl65\" dir=\"LTR\" width=\"217\" height=\"20\">Ethernet<\/td>\n<td class=\"xl66\" dir=\"LTR\" width=\"587\">HPE Embedded 1Gb 4-port 331i Adapter Ethernet Adapter\u00a0(RJ-45)<\/td>\n<\/tr>\n<tr>\n<td class=\"xl63\" dir=\"LTR\" width=\"217\" height=\"20\">PCI Slots<\/td>\n<td class=\"xl64\" dir=\"LTR\" width=\"587\">3 PCIe: 2 x16, 1 x8<\/td>\n<\/tr>\n<tr>\n<td class=\"xl65\" dir=\"LTR\" width=\"217\" height=\"20\">Power Supply<\/td>\n<td class=\"xl66\" dir=\"LTR\" width=\"587\">1 x HPE 800W Flex Slot Platinum Hot Plug Low Halogen Power Supply Kit<\/td>\n<\/tr>\n<tr>\n<td class=\"xl63\" dir=\"LTR\" width=\"217\" height=\"20\">Yedek G\u00fc\u00e7 \u00dcnitesi (RPS)<\/td>\n<td class=\"xl64\" dir=\"LTR\" width=\"587\">Opsiyonel<\/td>\n<\/tr>\n<tr>\n<td class=\"xl65\" dir=\"LTR\" width=\"217\" height=\"20\">Form Factor<\/td>\n<td class=\"xl66\" dir=\"LTR\" width=\"587\">2U<\/td>\n<\/tr>\n<tr>\n<td class=\"xl63\" dir=\"LTR\" width=\"217\" height=\"20\">\u0130\u015fletim Sistemi<\/td>\n<td class=\"xl64\" dir=\"LTR\" width=\"587\">&#8211;<\/td>\n<\/tr>\n<tr>\n<td class=\"xl65\" dir=\"LTR\" width=\"217\" height=\"20\">Garanti Durumu<\/td>\n<td class=\"xl66\" dir=\"LTR\" width=\"587\">Bir Sonraki \u0130\u015f G\u00fcn\u00fcnde 3 Y\u0131ll\u0131k Par\u00e7a Garantisi<\/td>\n<\/tr>\n<\/tbody>\n<\/table>","protected":false},"excerpt":{"rendered":"<p>HPE SRV P50751-B21 ProLiant DL380 Gen10 4210R 2.4GHz 10-core 1P 32GB-R P408i-a 8SFF 800W PS Server \u00dcr\u00fcn Kodu P50751-B21 \u0130\u015flemci<\/p>","protected":false},"featured_media":14371,"comment_status":"open","ping_status":"closed","template":"","meta":{"inline_featured_image":false},"product_cat":[26],"product_tag":[27],"class_list":["post-42","product","type-product","status-publish","has-post-thumbnail","hentry","product_cat-sunucular","product_tag-sunucu"],"_links":{"self":[{"href":"https:\/\/www.gsfh.com.tr\/en\/wp-json\/wp\/v2\/product\/42","targetHints":{"allow":["GET"]}}],"collection":[{"href":"https:\/\/www.gsfh.com.tr\/en\/wp-json\/wp\/v2\/product"}],"about":[{"href":"https:\/\/www.gsfh.com.tr\/en\/wp-json\/wp\/v2\/types\/product"}],"replies":[{"embeddable":true,"href":"https:\/\/www.gsfh.com.tr\/en\/wp-json\/wp\/v2\/comments?post=42"}],"version-history":[{"count":5,"href":"https:\/\/www.gsfh.com.tr\/en\/wp-json\/wp\/v2\/product\/42\/revisions"}],"predecessor-version":[{"id":14551,"href":"https:\/\/www.gsfh.com.tr\/en\/wp-json\/wp\/v2\/product\/42\/revisions\/14551"}],"wp:featuredmedia":[{"embeddable":true,"href":"https:\/\/www.gsfh.com.tr\/en\/wp-json\/wp\/v2\/media\/14371"}],"wp:attachment":[{"href":"https:\/\/www.gsfh.com.tr\/en\/wp-json\/wp\/v2\/media?parent=42"}],"wp:term":[{"taxonomy":"product_cat","embeddable":true,"href":"https:\/\/www.gsfh.com.tr\/en\/wp-json\/wp\/v2\/product_cat?post=42"},{"taxonomy":"product_tag","embeddable":true,"href":"https:\/\/www.gsfh.com.tr\/en\/wp-json\/wp\/v2\/product_tag?post=42"}],"curies":[{"name":"wp","href":"https:\/\/api.w.org\/{rel}","templated":true}]}}