{"id":14433,"date":"2023-02-20T14:23:05","date_gmt":"2023-02-20T11:23:05","guid":{"rendered":"https:\/\/www.gsfh.com.tr\/?page_id=14433"},"modified":"2023-03-27T11:49:35","modified_gmt":"2023-03-27T08:49:35","slug":"bakim-anlasmasi","status":"publish","type":"page","link":"https:\/\/www.gsfh.com.tr\/en\/bakim-anlasmasi\/","title":{"rendered":"Bak\u0131m Anla\u015fmas\u0131"},"content":{"rendered":"<h3>Sunucu \u00fczerinde yer alan donan\u0131msal par\u00e7alar zamanla y\u0131pranmaya , performans kay\u0131plar\u0131 ile \u00e7e\u015fitli risklere sebep olur.<\/h3>\n<h3>Performans ve s\u00fcreklilik odakl\u0131 sunucular\u0131n, s\u00fcrd\u00fcr\u00fclebilir ve verimli \u00e7al\u0131\u015fmas\u0131 i\u00e7in bak\u0131mlar\u0131n\u0131n yap\u0131lmas\u0131 gerekir.<\/h3>\n<h3>1-5 y\u0131l aras\u0131nda de\u011fi\u015fen s\u00fcreler i\u00e7in sunucular\u0131n\u0131za par\u00e7a dahil bak\u0131m anla\u015fmas\u0131 hizmeti sunmaktay\u0131z.<\/h3>\n<p><img loading=\"lazy\" decoding=\"async\" class=\"alignnone size-medium wp-image-14681\" src=\"https:\/\/www.gsfh.com.tr\/wp-content\/uploads\/2023\/03\/bakim-anlasma-jpg-400x255.png\" alt=\"\" width=\"400\" height=\"255\" title=\"\" srcset=\"https:\/\/www.gsfh.com.tr\/wp-content\/uploads\/2023\/03\/bakim-anlasma-jpg-400x255.png 400w, https:\/\/www.gsfh.com.tr\/wp-content\/uploads\/2023\/03\/bakim-anlasma-jpg-18x12.png 18w, https:\/\/www.gsfh.com.tr\/wp-content\/uploads\/2023\/03\/bakim-anlasma-jpg-430x274.png 430w, https:\/\/www.gsfh.com.tr\/wp-content\/uploads\/2023\/03\/bakim-anlasma-jpg-150x96.png 150w, https:\/\/www.gsfh.com.tr\/wp-content\/uploads\/2023\/03\/bakim-anlasma-jpg.png 577w\" sizes=\"auto, (max-width: 400px) 100vw, 400px\" \/><\/p>","protected":false},"excerpt":{"rendered":"<p>Sunucu \u00fczerinde yer alan donan\u0131msal par\u00e7alar zamanla y\u0131pranmaya , performans kay\u0131plar\u0131 ile \u00e7e\u015fitli risklere sebep olur. Performans ve s\u00fcreklilik odakl\u0131<\/p>","protected":false},"author":1,"featured_media":0,"parent":0,"menu_order":0,"comment_status":"closed","ping_status":"closed","template":"","meta":{"inline_featured_image":false,"footnotes":""},"class_list":["post-14433","page","type-page","status-publish","hentry"],"_links":{"self":[{"href":"https:\/\/www.gsfh.com.tr\/en\/wp-json\/wp\/v2\/pages\/14433","targetHints":{"allow":["GET"]}}],"collection":[{"href":"https:\/\/www.gsfh.com.tr\/en\/wp-json\/wp\/v2\/pages"}],"about":[{"href":"https:\/\/www.gsfh.com.tr\/en\/wp-json\/wp\/v2\/types\/page"}],"author":[{"embeddable":true,"href":"https:\/\/www.gsfh.com.tr\/en\/wp-json\/wp\/v2\/users\/1"}],"replies":[{"embeddable":true,"href":"https:\/\/www.gsfh.com.tr\/en\/wp-json\/wp\/v2\/comments?post=14433"}],"version-history":[{"count":7,"href":"https:\/\/www.gsfh.com.tr\/en\/wp-json\/wp\/v2\/pages\/14433\/revisions"}],"predecessor-version":[{"id":14689,"href":"https:\/\/www.gsfh.com.tr\/en\/wp-json\/wp\/v2\/pages\/14433\/revisions\/14689"}],"wp:attachment":[{"href":"https:\/\/www.gsfh.com.tr\/en\/wp-json\/wp\/v2\/media?parent=14433"}],"curies":[{"name":"wp","href":"https:\/\/api.w.org\/{rel}","templated":true}]}}