{"id":14431,"date":"2023-02-20T14:23:17","date_gmt":"2023-02-20T11:23:17","guid":{"rendered":"https:\/\/www.gsfh.com.tr\/?page_id=14431"},"modified":"2023-03-27T11:48:44","modified_gmt":"2023-03-27T08:48:44","slug":"geri-satin-alma","status":"publish","type":"page","link":"https:\/\/www.gsfh.com.tr\/en\/geri-satin-alma\/","title":{"rendered":"Geri Sat\u0131n Alma"},"content":{"rendered":"<h3><\/h3>\n<h3>Yat\u0131r\u0131m maliyetleri y\u00fcksek olan sunucular\u0131n\u00a0 y\u0131pranma, teknolojik gerileme \u00a0ve bak\u0131m s\u00fcreleri dolmas\u0131 sebebiyle elden \u00e7\u0131kart\u0131lmak istendi\u011finde hurda yerine \u00a02. El olarak de\u011ferlendirebiliyoruz.<\/h3>\n<h3>Sunucu \u00fczerinde yer alan donan\u0131msal par\u00e7alar\u0131n niteli\u011fi, y\u0131pranma pay\u0131 ve fiziksel \u00f6zelliklerine g\u00f6re de\u011ferlemeler yap\u0131larak yeniden kullan\u0131ma sunuyoruz.<\/h3>\n<p><img loading=\"lazy\" decoding=\"async\" class=\"alignnone  wp-image-14686\" src=\"https:\/\/www.gsfh.com.tr\/wp-content\/uploads\/2023\/03\/geri-alma-jpg-400x210.png\" alt=\"\" width=\"463\" height=\"243\" title=\"\" srcset=\"https:\/\/www.gsfh.com.tr\/wp-content\/uploads\/2023\/03\/geri-alma-jpg-400x210.png 400w, https:\/\/www.gsfh.com.tr\/wp-content\/uploads\/2023\/03\/geri-alma-jpg-768x404.png 768w, https:\/\/www.gsfh.com.tr\/wp-content\/uploads\/2023\/03\/geri-alma-jpg-18x9.png 18w, https:\/\/www.gsfh.com.tr\/wp-content\/uploads\/2023\/03\/geri-alma-jpg-860x452.png 860w, https:\/\/www.gsfh.com.tr\/wp-content\/uploads\/2023\/03\/geri-alma-jpg-430x226.png 430w, https:\/\/www.gsfh.com.tr\/wp-content\/uploads\/2023\/03\/geri-alma-jpg-700x368.png 700w, https:\/\/www.gsfh.com.tr\/wp-content\/uploads\/2023\/03\/geri-alma-jpg-150x79.png 150w, https:\/\/www.gsfh.com.tr\/wp-content\/uploads\/2023\/03\/geri-alma-jpg.png 882w\" sizes=\"auto, (max-width: 463px) 100vw, 463px\" \/><\/p>","protected":false},"excerpt":{"rendered":"<p>Yat\u0131r\u0131m maliyetleri y\u00fcksek olan sunucular\u0131n\u00a0 y\u0131pranma, teknolojik gerileme \u00a0ve bak\u0131m s\u00fcreleri dolmas\u0131 sebebiyle elden \u00e7\u0131kart\u0131lmak istendi\u011finde hurda yerine \u00a02. El<\/p>","protected":false},"author":1,"featured_media":0,"parent":0,"menu_order":0,"comment_status":"closed","ping_status":"closed","template":"","meta":{"inline_featured_image":false,"footnotes":""},"class_list":["post-14431","page","type-page","status-publish","hentry"],"_links":{"self":[{"href":"https:\/\/www.gsfh.com.tr\/en\/wp-json\/wp\/v2\/pages\/14431","targetHints":{"allow":["GET"]}}],"collection":[{"href":"https:\/\/www.gsfh.com.tr\/en\/wp-json\/wp\/v2\/pages"}],"about":[{"href":"https:\/\/www.gsfh.com.tr\/en\/wp-json\/wp\/v2\/types\/page"}],"author":[{"embeddable":true,"href":"https:\/\/www.gsfh.com.tr\/en\/wp-json\/wp\/v2\/users\/1"}],"replies":[{"embeddable":true,"href":"https:\/\/www.gsfh.com.tr\/en\/wp-json\/wp\/v2\/comments?post=14431"}],"version-history":[{"count":3,"href":"https:\/\/www.gsfh.com.tr\/en\/wp-json\/wp\/v2\/pages\/14431\/revisions"}],"predecessor-version":[{"id":14688,"href":"https:\/\/www.gsfh.com.tr\/en\/wp-json\/wp\/v2\/pages\/14431\/revisions\/14688"}],"wp:attachment":[{"href":"https:\/\/www.gsfh.com.tr\/en\/wp-json\/wp\/v2\/media?parent=14431"}],"curies":[{"name":"wp","href":"https:\/\/api.w.org\/{rel}","templated":true}]}}