{"id":14223,"date":"2023-02-13T22:13:18","date_gmt":"2023-02-13T19:13:18","guid":{"rendered":"https:\/\/www.gsfh.com.tr\/?page_id=14223"},"modified":"2023-02-13T22:13:18","modified_gmt":"2023-02-13T19:13:18","slug":"mesafeli-satis-sozlesmesi","status":"publish","type":"page","link":"https:\/\/www.gsfh.com.tr\/en\/mesafeli-satis-sozlesmesi\/","title":{"rendered":"Mesafeli Sat\u0131\u015f S\u00f6zle\u015fmesi"},"content":{"rendered":"","protected":false},"excerpt":{"rendered":"","protected":false},"author":1,"featured_media":0,"parent":0,"menu_order":0,"comment_status":"closed","ping_status":"closed","template":"","meta":{"inline_featured_image":false,"footnotes":""},"class_list":["post-14223","page","type-page","status-publish","hentry"],"_links":{"self":[{"href":"https:\/\/www.gsfh.com.tr\/en\/wp-json\/wp\/v2\/pages\/14223","targetHints":{"allow":["GET"]}}],"collection":[{"href":"https:\/\/www.gsfh.com.tr\/en\/wp-json\/wp\/v2\/pages"}],"about":[{"href":"https:\/\/www.gsfh.com.tr\/en\/wp-json\/wp\/v2\/types\/page"}],"author":[{"embeddable":true,"href":"https:\/\/www.gsfh.com.tr\/en\/wp-json\/wp\/v2\/users\/1"}],"replies":[{"embeddable":true,"href":"https:\/\/www.gsfh.com.tr\/en\/wp-json\/wp\/v2\/comments?post=14223"}],"version-history":[{"count":1,"href":"https:\/\/www.gsfh.com.tr\/en\/wp-json\/wp\/v2\/pages\/14223\/revisions"}],"predecessor-version":[{"id":14229,"href":"https:\/\/www.gsfh.com.tr\/en\/wp-json\/wp\/v2\/pages\/14223\/revisions\/14229"}],"wp:attachment":[{"href":"https:\/\/www.gsfh.com.tr\/en\/wp-json\/wp\/v2\/media?parent=14223"}],"curies":[{"name":"wp","href":"https:\/\/api.w.org\/{rel}","templated":true}]}}