{"id":13949,"date":"2023-02-07T19:42:28","date_gmt":"2023-02-07T16:42:28","guid":{"rendered":"https:\/\/www.gsfh.com.tr\/?page_id=13949"},"modified":"2023-04-03T21:15:52","modified_gmt":"2023-04-03T18:15:52","slug":"sunucu-kiralama","status":"publish","type":"page","link":"https:\/\/www.gsfh.com.tr\/en\/sunucu-kiralama\/","title":{"rendered":"Sunucu Kiralama"},"content":{"rendered":"<h3><strong>Yeni bir altyap\u0131 kurmak<\/strong> bilgi teknolojileri i\u00e7in belirli bir yat\u0131r\u0131m yapman\u0131z gelece\u011finiz a\u00e7\u0131s\u0131ndan son derece \u00f6nemlidir. Bu yat\u0131r\u0131mlar i\u00e7in ortaya \u00e7\u0131kan<strong> maliyetler<\/strong>, \u00f6l\u00e7eklendirmelere uzun vadede bak\u0131ld\u0131\u011f\u0131 zaman geri d\u00f6n\u00fc\u015f\u00fc \u00f6ng\u00f6r\u00fclemez bir yat\u0131r\u0131m halindedir.<\/h3>\n<h3>Sunucu kiralama hizmeti, kullan\u0131c\u0131lar\u0131n ihtiya\u00e7lar\u0131 do\u011frultusunda uygun sunucular\u0131 belirli <strong>d\u00f6nemlerde <\/strong>kiralamalar\u0131n\u0131 sa\u011flar.\u00a0 Bu kiralama i\u015flemi ister sizin bar\u0131nd\u0131rmak istedi\u011finiz lokasyonda isterseniz bizim veri merkezlerimizde olabilir.<\/h3>\n<h3>Sunucular y\u00fcksek maliyetlere sahip yap\u0131lard\u0131r. Kaynak ihtiyac\u0131n\u0131n do\u011fru hesaplanamamas\u0131\u00a0 ve yeni teknolojiye olan talep, ihtiyaca uygun donan\u0131ml\u0131 sunuculara eri\u015fimde hata yapmaya sebep olur.<\/h3>\n<h3>G\u00fcn 1 ile g\u00fcn 30 aras\u0131ndaki kaynak ihtiyac\u0131 art\u0131\u015f g\u00f6sterebilir. \u0130\u015fte\u00a0 tam bu noktada kiralama hizmetinin avantajlar\u0131ndan s\u00f6z edebiliriz.<\/h3>\n<ul>\n<li>\n<h3>Kiralama g\u00fcn\u00fcnden sonras\u0131 zamanlarda kaynak y\u00fckseltmesine gidilebilir<\/h3>\n<\/li>\n<li>\n<h3>Kiralanan sunucular\u0131n ar\u0131za ve bak\u0131m gibi konular\u0131 firmam\u0131za ait olur, bu konularda ayr\u0131ca bir kaynak ay\u0131rman\u0131za gerek kalmaz<\/h3>\n<\/li>\n<li>\n<h3>Yeni teknoloji ge\u00e7i\u015flerini daha h\u0131zl\u0131 yapabilir, g\u00fcncele en yak\u0131n kaynaklar ile ilerleyebilirsiniz<\/h3>\n<\/li>\n<li>\n<h3>Kiralama faturalar\u0131n\u0131 gider kalemi olarak muhasebele\u015ftirebilirsiniz.<\/h3>\n<\/li>\n<\/ul>\n<h3>Firman\u0131za \u00f6zel konfig\u00fcrasyon sunucular ve kiralama \u015fartlar\u0131 i\u00e7in <a href=\"https:\/\/www.gsfh.com.tr\/en\/bize-ulasin\/\">bizimle ileti\u015fime ge\u00e7<\/a>ebilirsiniz.<\/h3>\n<p>&nbsp;<\/p>\n<p><img loading=\"lazy\" decoding=\"async\" class=\"aligncenter wp-image-14693 size-medium\" src=\"https:\/\/www.gsfh.com.tr\/wp-content\/uploads\/2023\/03\/sunucu-kiralama-jpg-1-400x242.png\" alt=\"\" width=\"400\" height=\"242\" title=\"\" srcset=\"https:\/\/www.gsfh.com.tr\/wp-content\/uploads\/2023\/03\/sunucu-kiralama-jpg-1-400x242.png 400w, https:\/\/www.gsfh.com.tr\/wp-content\/uploads\/2023\/03\/sunucu-kiralama-jpg-1-18x12.png 18w, https:\/\/www.gsfh.com.tr\/wp-content\/uploads\/2023\/03\/sunucu-kiralama-jpg-1-430x260.png 430w, https:\/\/www.gsfh.com.tr\/wp-content\/uploads\/2023\/03\/sunucu-kiralama-jpg-1-150x91.png 150w, https:\/\/www.gsfh.com.tr\/wp-content\/uploads\/2023\/03\/sunucu-kiralama-jpg-1.png 701w\" sizes=\"auto, (max-width: 400px) 100vw, 400px\" \/><\/p>\n<p>&nbsp;<\/p>","protected":false},"excerpt":{"rendered":"<p>Yeni bir altyap\u0131 kurmak bilgi teknolojileri i\u00e7in belirli bir yat\u0131r\u0131m yapman\u0131z gelece\u011finiz a\u00e7\u0131s\u0131ndan son derece \u00f6nemlidir. Bu yat\u0131r\u0131mlar i\u00e7in ortaya<\/p>","protected":false},"author":1,"featured_media":0,"parent":0,"menu_order":0,"comment_status":"closed","ping_status":"closed","template":"","meta":{"inline_featured_image":false,"footnotes":""},"class_list":["post-13949","page","type-page","status-publish","hentry"],"_links":{"self":[{"href":"https:\/\/www.gsfh.com.tr\/en\/wp-json\/wp\/v2\/pages\/13949","targetHints":{"allow":["GET"]}}],"collection":[{"href":"https:\/\/www.gsfh.com.tr\/en\/wp-json\/wp\/v2\/pages"}],"about":[{"href":"https:\/\/www.gsfh.com.tr\/en\/wp-json\/wp\/v2\/types\/page"}],"author":[{"embeddable":true,"href":"https:\/\/www.gsfh.com.tr\/en\/wp-json\/wp\/v2\/users\/1"}],"replies":[{"embeddable":true,"href":"https:\/\/www.gsfh.com.tr\/en\/wp-json\/wp\/v2\/comments?post=13949"}],"version-history":[{"count":6,"href":"https:\/\/www.gsfh.com.tr\/en\/wp-json\/wp\/v2\/pages\/13949\/revisions"}],"predecessor-version":[{"id":14700,"href":"https:\/\/www.gsfh.com.tr\/en\/wp-json\/wp\/v2\/pages\/13949\/revisions\/14700"}],"wp:attachment":[{"href":"https:\/\/www.gsfh.com.tr\/en\/wp-json\/wp\/v2\/media?parent=13949"}],"curies":[{"name":"wp","href":"https:\/\/api.w.org\/{rel}","templated":true}]}}